{"id":49,"date":"2021-05-19T16:23:21","date_gmt":"2021-05-19T16:23:21","guid":{"rendered":"http:\/\/www.dreampackgroup.com\/?page_id=49"},"modified":"2022-01-26T17:41:22","modified_gmt":"2022-01-26T17:41:22","slug":"sustentabilidad","status":"publish","type":"page","link":"https:\/\/www.dreampackgroup.com\/en\/sustentabilidad\/","title":{"rendered":"Sustainability"},"content":{"rendered":"<div data-elementor-type=\"wp-page\" data-elementor-id=\"49\" class=\"elementor elementor-49\" data-elementor-post-type=\"page\">\n\t\t\t\t\t\t<section class=\"elementor-section elementor-top-section elementor-element elementor-element-53eb085 elementor-section-boxed elementor-section-height-default elementor-section-height-default\" data-id=\"53eb085\" data-element_type=\"section\">\n\t\t\t\t\t\t<div class=\"elementor-container elementor-column-gap-default\">\n\t\t\t\t\t<div class=\"elementor-column elementor-col-100 elementor-top-column elementor-element elementor-element-44d8c45\" data-id=\"44d8c45\" data-element_type=\"column\">\n\t\t\t<div class=\"elementor-widget-wrap elementor-element-populated\">\n\t\t\t\t\t\t<div class=\"elementor-element elementor-element-17ca9db elementor-widget elementor-widget-spacer\" data-id=\"17ca9db\" data-element_type=\"widget\" data-widget_type=\"spacer.default\">\n\t\t\t\t<div class=\"elementor-widget-container\">\n\t\t\t\t\t\t\t<div class=\"elementor-spacer\">\n\t\t\t<div class=\"elementor-spacer-inner\"><\/div>\n\t\t<\/div>\n\t\t\t\t\t\t<\/div>\n\t\t\t\t<\/div>\n\t\t\t\t<div class=\"elementor-element elementor-element-51a2a58 elementor-widget elementor-widget-spacer\" data-id=\"51a2a58\" data-element_type=\"widget\" data-widget_type=\"spacer.default\">\n\t\t\t\t<div class=\"elementor-widget-container\">\n\t\t\t\t\t\t\t<div class=\"elementor-spacer\">\n\t\t\t<div class=\"elementor-spacer-inner\"><\/div>\n\t\t<\/div>\n\t\t\t\t\t\t<\/div>\n\t\t\t\t<\/div>\n\t\t\t\t<div class=\"elementor-element elementor-element-b5b0aee elementor-widget elementor-widget-heading\" data-id=\"b5b0aee\" data-element_type=\"widget\" data-widget_type=\"heading.default\">\n\t\t\t\t<div class=\"elementor-widget-container\">\n\t\t\t\t\t<h2 class=\"elementor-heading-title elementor-size-default\">SUSTAINABILITY<\/h2>\t\t\t\t<\/div>\n\t\t\t\t<\/div>\n\t\t\t\t<div class=\"elementor-element elementor-element-e13171d elementor-widget elementor-widget-text-editor\" data-id=\"e13171d\" data-element_type=\"widget\" data-widget_type=\"text-editor.default\">\n\t\t\t\t<div class=\"elementor-widget-container\">\n\t\t\t\t\t\t\t\t\t<p>We seek to take actions that positively impact the planet and our community. We constantly strive to promote environmentally friendly practices within our offices and in our products.<\/p><p>We protect the environment with clean production strategies, eco-efficiency measures and specific conservation programs, we strive to achieve the highest environmental standards.<\/p>\n<p>The objective of sustainable development is to achieve a certain level of material progress without compromising the environment, natural resources and the quality of life of human beings. In this way, it is proposed to address the social, economic and environmental spheres based on viability, sustainability and equity.<\/p>\t\t\t\t\t\t\t\t<\/div>\n\t\t\t\t<\/div>\n\t\t\t\t\t<\/div>\n\t\t<\/div>\n\t\t\t\t\t<\/div>\n\t\t<\/section>\n\t\t\t\t<section class=\"elementor-section elementor-top-section elementor-element elementor-element-299a91a elementor-section-boxed elementor-section-height-default elementor-section-height-default\" data-id=\"299a91a\" data-element_type=\"section\">\n\t\t\t\t\t\t<div class=\"elementor-container elementor-column-gap-default\">\n\t\t\t\t\t<div class=\"elementor-column elementor-col-100 elementor-top-column elementor-element elementor-element-231f234\" data-id=\"231f234\" data-element_type=\"column\">\n\t\t\t<div class=\"elementor-widget-wrap elementor-element-populated\">\n\t\t\t\t\t\t<div class=\"elementor-element elementor-element-ab878bc elementor-widget elementor-widget-image\" data-id=\"ab878bc\" data-element_type=\"widget\" data-widget_type=\"image.default\">\n\t\t\t\t<div class=\"elementor-widget-container\">\n\t\t\t\t\t\t\t\t\t\t\t\t\t\t\t<img fetchpriority=\"high\" decoding=\"async\" width=\"1024\" height=\"538\" src=\"https:\/\/www.dreampackgroup.com\/wp-content\/uploads\/2022\/01\/desarrollo-sustentable-y-sostenible-og-1024x538.jpg\" class=\"attachment-large size-large wp-image-368\" alt=\"\" srcset=\"https:\/\/www.dreampackgroup.com\/wp-content\/uploads\/2022\/01\/desarrollo-sustentable-y-sostenible-og-1024x538.jpg 1024w, https:\/\/www.dreampackgroup.com\/wp-content\/uploads\/2022\/01\/desarrollo-sustentable-y-sostenible-og-300x158.jpg 300w, https:\/\/www.dreampackgroup.com\/wp-content\/uploads\/2022\/01\/desarrollo-sustentable-y-sostenible-og-768x403.jpg 768w, https:\/\/www.dreampackgroup.com\/wp-content\/uploads\/2022\/01\/desarrollo-sustentable-y-sostenible-og-18x9.jpg 18w, https:\/\/www.dreampackgroup.com\/wp-content\/uploads\/2022\/01\/desarrollo-sustentable-y-sostenible-og.jpg 1200w\" sizes=\"(max-width: 1024px) 100vw, 1024px\" \/>\t\t\t\t\t\t\t\t\t\t\t\t\t\t\t<\/div>\n\t\t\t\t<\/div>\n\t\t\t\t<div class=\"elementor-element elementor-element-6d82af3 elementor-widget elementor-widget-spacer\" data-id=\"6d82af3\" data-element_type=\"widget\" data-widget_type=\"spacer.default\">\n\t\t\t\t<div class=\"elementor-widget-container\">\n\t\t\t\t\t\t\t<div class=\"elementor-spacer\">\n\t\t\t<div class=\"elementor-spacer-inner\"><\/div>\n\t\t<\/div>\n\t\t\t\t\t\t<\/div>\n\t\t\t\t<\/div>\n\t\t\t\t\t<\/div>\n\t\t<\/div>\n\t\t\t\t\t<\/div>\n\t\t<\/section>\n\t\t\t\t<section class=\"elementor-section elementor-top-section elementor-element elementor-element-9be0a62 elementor-section-boxed elementor-section-height-default elementor-section-height-default elementor-invisible\" data-id=\"9be0a62\" data-element_type=\"section\" data-settings=\"{&quot;background_background&quot;:&quot;classic&quot;,&quot;animation&quot;:&quot;slideInUp&quot;}\">\n\t\t\t\t\t\t<div class=\"elementor-container elementor-column-gap-default\">\n\t\t\t\t\t<div class=\"elementor-column elementor-col-33 elementor-top-column elementor-element elementor-element-4691e17 elementor-invisible\" data-id=\"4691e17\" data-element_type=\"column\" data-settings=\"{&quot;animation&quot;:&quot;fadeIn&quot;}\">\n\t\t\t<div class=\"elementor-widget-wrap elementor-element-populated\">\n\t\t\t\t\t\t<div class=\"elementor-element elementor-element-0b5a383 elementor-view-default elementor-widget elementor-widget-icon\" data-id=\"0b5a383\" data-element_type=\"widget\" data-widget_type=\"icon.default\">\n\t\t\t\t<div class=\"elementor-widget-container\">\n\t\t\t\t\t\t\t<div class=\"elementor-icon-wrapper\">\n\t\t\t<div class=\"elementor-icon\">\n\t\t\t<svg xmlns=\"http:\/\/www.w3.org\/2000\/svg\" xmlns:xlink=\"http:\/\/www.w3.org\/1999\/xlink\" id=\"Capa_1\" x=\"0px\" y=\"0px\" viewbox=\"0 0 300 300\" style=\"enable-background:new 0 0 300 300;\" xml:space=\"preserve\"><style type=\"text\/css\">\t.st0{fill:#FFFFFF;}<\/style><path class=\"st0\" d=\"M261.37,56.47L175.31,6.78c-15.66-9.04-34.96-9.04-50.63,0L38.63,56.47c-15.66,9.04-25.31,25.76-25.31,43.85 v99.37c0,18.09,9.65,34.8,25.31,43.85l86.06,49.69c15.66,9.04,34.96,9.04,50.63,0l86.06-49.69c15.66-9.04,25.31-25.76,25.31-43.85 v-99.37C286.69,82.23,277.04,65.51,261.37,56.47z M237.6,152.2c-5.7,61.77-84.19,50.84-84.19,50.84v37.54l-69.64-75.67 c0,0,34.17-13.11,68.86-44.31v34.21l42.29-28.98l-41.51-42.61v20.43c0,0-78.07-26.77-80.69,47.36 c-0.48,31.83,18.38,50.92,40.86,60.82l-3.56,9.27c0,0-53.93-22.09-47.51-77.92s52.98-57.73,80.06-53.45V59.42l67.55,67.67 l-67.63,47.83v-32.47c0,0-17.74,14.1-41.5,25.97l41.5,45.77v-23.28c0,0,83.71,21.62,85.61-47.04c0.24-27.56-14.89-49.73-41.1-57.97 l2.06-9.34C189.06,76.57,243.3,90.43,237.6,152.2z\"><\/path><\/svg>\t\t\t<\/div>\n\t\t<\/div>\n\t\t\t\t\t\t<\/div>\n\t\t\t\t<\/div>\n\t\t\t\t<div class=\"elementor-element elementor-element-9273fab elementor-widget elementor-widget-heading\" data-id=\"9273fab\" data-element_type=\"widget\" data-widget_type=\"heading.default\">\n\t\t\t\t<div class=\"elementor-widget-container\">\n\t\t\t\t\t<h2 class=\"elementor-heading-title elementor-size-default\">Recycle<\/h2>\t\t\t\t<\/div>\n\t\t\t\t<\/div>\n\t\t\t\t<div class=\"elementor-element elementor-element-ca1a6b9 elementor-widget elementor-widget-text-editor\" data-id=\"ca1a6b9\" data-element_type=\"widget\" data-widget_type=\"text-editor.default\">\n\t\t\t\t<div class=\"elementor-widget-container\">\n\t\t\t\t\t\t\t\t\t<p>It is one of the ways to recycle more\nbeneficial to the environment, in\nlargely because of the environmental cost\nyou have to get it.\nRecycling paper saves money\nlots of energy and water, reduce logging\ntrees (12 per Tn), GHG emissions and\nimprove the air<\/p>\t\t\t\t\t\t\t\t<\/div>\n\t\t\t\t<\/div>\n\t\t\t\t\t<\/div>\n\t\t<\/div>\n\t\t\t\t<div class=\"elementor-column elementor-col-33 elementor-top-column elementor-element elementor-element-ee02a06 elementor-invisible\" data-id=\"ee02a06\" data-element_type=\"column\" data-settings=\"{&quot;animation&quot;:&quot;fadeIn&quot;}\">\n\t\t\t<div class=\"elementor-widget-wrap elementor-element-populated\">\n\t\t\t\t\t\t<div class=\"elementor-element elementor-element-c039c4e elementor-view-default elementor-widget elementor-widget-icon\" data-id=\"c039c4e\" data-element_type=\"widget\" data-widget_type=\"icon.default\">\n\t\t\t\t<div class=\"elementor-widget-container\">\n\t\t\t\t\t\t\t<div class=\"elementor-icon-wrapper\">\n\t\t\t<div class=\"elementor-icon\">\n\t\t\t<svg xmlns=\"http:\/\/www.w3.org\/2000\/svg\" xmlns:xlink=\"http:\/\/www.w3.org\/1999\/xlink\" id=\"Capa_1\" x=\"0px\" y=\"0px\" viewbox=\"0 0 300 300\" style=\"enable-background:new 0 0 300 300;\" xml:space=\"preserve\"><style type=\"text\/css\">\t.st0{fill:#FFFFFF;}<\/style><g>\t<path class=\"st0\" d=\"M154.78,71.82c-33.24-2.44-35.79,19.72-35.79,19.72C146.87,80.46,154.78,71.82,154.78,71.82z\"><\/path>\t<path class=\"st0\" d=\"M195.57,103.23c-9.74-23.98-30.19-29.1-30.19-29.1c-6.94,6.57-20.21,13.51-20.21,13.51  C178.64,86.91,195.57,103.23,195.57,103.23z\"><\/path>\t<path class=\"st0\" d=\"M119.96,101.04c7.79,22.89,34.82,15.46,34.82,15.46C141.75,100.31,119.96,101.04,119.96,101.04z\"><\/path>\t<path class=\"st0\" d=\"M104.13,176.52c0,0-12.18-7.79-18.26-13.64c0,0-1.83,22.95,14.61,44.93  C100.48,207.81,92.2,187.24,104.13,176.52z\"><\/path>\t<path class=\"st0\" d=\"M137.37,95.8c18.75,5.48,27.64,19.11,27.64,19.11l23.38-5.58C164.16,92.2,137.37,95.8,137.37,95.8z\"><\/path>\t<path class=\"st0\" d=\"M75.95,212.68c0,0,11.75,19.64,31.59,11.63C107.54,224.31,89.89,210.73,75.95,212.68z\"><\/path>\t<path class=\"st0\" d=\"M111.07,181.63c0,0-14.12,12.66,4.32,37.32C115.39,218.95,131.28,195.76,111.07,181.63z\"><\/path>\t<path class=\"st0\" d=\"M91.11,207.81c-12.66-15.22-14-38.6-14-38.6c-10.71,21.67-3.65,36.4-3.65,36.4  C78.2,202.45,91.11,207.81,91.11,207.81z\"><\/path>\t<path class=\"st0\" d=\"M261.37,56.47L175.31,6.78c-15.66-9.04-34.96-9.04-50.63,0L38.63,56.47c-15.66,9.04-25.31,25.76-25.31,43.85  v99.37c0,18.09,9.65,34.8,25.31,43.85l86.06,49.69c15.66,9.04,34.96,9.04,50.63,0l86.06-49.69c15.66-9.04,25.31-25.76,25.31-43.85  v-99.37C286.69,82.23,277.04,65.51,261.37,56.47z M142.97,237.48c0,0-15.46-0.99-26.05-7.69c0,0-21.43,14.67-43.1-5.17  s-9.05-58.89,6.53-78.37c0,0,18.67,16.56,31.82,24.19c13.15,7.63,26.14,26.3,12.18,52.52c0,0,7.67,4.66,19.3,4.75L142.97,237.48z   M111.36,104.53c0,0-16.4,6.33-24.51,29.71l-9.25-2.11c0,0,5.19-24.67,31.82-37.34c0,0-1.62-36.69,48.38-31.82  c30.33,2.95,45.9,31.59,53.46,53.66c0,0-20.67-0.42-46.16,7.54C139.6,132.12,117.04,122.71,111.36,104.53z M229.66,219.01  c-19.85,29.1-70.86,15.1-70.86,15.1s7.55-11.57,11.69-33.97c4.14-22.4,14.12-41.4,47.48-32.02c0,0,5.11-19.6-7.06-37.93l8.04-5.42  c0,0,14,17.78,7.67,48.58C226.61,173.36,249.5,189.91,229.66,219.01z\"><\/path>\t<path class=\"st0\" d=\"M218.5,193.4c4.22,12.66-1.79,25.32-1.79,25.32c21.02-19.89,6.9-35.47,6.9-35.47  C220.45,191.78,218.5,193.4,218.5,193.4z\"><\/path>\t<path class=\"st0\" d=\"M181,194.38c0,0,17.45,0.32,31.49-8.93c0,0,4.22-5.36,2.6-8.68C215.09,176.76,186.92,164.51,181,194.38z\"><\/path>\t<path class=\"st0\" d=\"M183.76,227.66c30.84,1.14,27.35-22.81,27.35-22.81L183.76,227.66z\"><\/path>\t<path class=\"st0\" d=\"M178.73,203.71c0.24,5.93-4.38,19.24-4.38,19.24l30.76-24.19C187.57,204.61,178.73,203.71,178.73,203.71z\"><\/path><\/g><\/svg>\t\t\t<\/div>\n\t\t<\/div>\n\t\t\t\t\t\t<\/div>\n\t\t\t\t<\/div>\n\t\t\t\t<div class=\"elementor-element elementor-element-5afb612 elementor-widget elementor-widget-heading\" data-id=\"5afb612\" data-element_type=\"widget\" data-widget_type=\"heading.default\">\n\t\t\t\t<div class=\"elementor-widget-container\">\n\t\t\t\t\t<h2 class=\"elementor-heading-title elementor-size-default\">Biodegradable<\/h2>\t\t\t\t<\/div>\n\t\t\t\t<\/div>\n\t\t\t\t<div class=\"elementor-element elementor-element-3698ba8 elementor-widget elementor-widget-text-editor\" data-id=\"3698ba8\" data-element_type=\"widget\" data-widget_type=\"text-editor.default\">\n\t\t\t\t<div class=\"elementor-widget-container\">\n\t\t\t\t\t\t\t\t\t<p>Biodegradable is the product or substance\nthat can break down into\nchemical elements that make it up,\ndue to the action of biological agents,\nlike plants, animals,\nmicroorganisms and fungi, low\nnatural environmental conditions.<\/p>\t\t\t\t\t\t\t\t<\/div>\n\t\t\t\t<\/div>\n\t\t\t\t\t<\/div>\n\t\t<\/div>\n\t\t\t\t<div class=\"elementor-column elementor-col-33 elementor-top-column elementor-element elementor-element-4f8dc9c elementor-invisible\" data-id=\"4f8dc9c\" data-element_type=\"column\" data-settings=\"{&quot;animation&quot;:&quot;fadeIn&quot;}\">\n\t\t\t<div class=\"elementor-widget-wrap elementor-element-populated\">\n\t\t\t\t\t\t<div class=\"elementor-element elementor-element-99ed8d5 elementor-view-default elementor-widget elementor-widget-icon\" data-id=\"99ed8d5\" data-element_type=\"widget\" data-widget_type=\"icon.default\">\n\t\t\t\t<div class=\"elementor-widget-container\">\n\t\t\t\t\t\t\t<div class=\"elementor-icon-wrapper\">\n\t\t\t<div class=\"elementor-icon\">\n\t\t\t<svg xmlns=\"http:\/\/www.w3.org\/2000\/svg\" xmlns:xlink=\"http:\/\/www.w3.org\/1999\/xlink\" id=\"Capa_1\" x=\"0px\" y=\"0px\" viewbox=\"0 0 300 300\" style=\"enable-background:new 0 0 300 300;\" xml:space=\"preserve\"><style type=\"text\/css\">\t.st0{fill:#FFFFFF;}<\/style><path class=\"st0\" d=\"M267.07,56.47L181.01,6.78c-15.66-9.04-34.96-9.04-50.63,0L44.33,56.47c-15.66,9.04-25.31,25.76-25.31,43.85 v99.37c0,18.09,9.65,34.8,25.31,43.85l86.06,49.69c15.66,9.04,34.96,9.04,50.63,0l86.06-49.69c15.66-9.04,25.31-25.76,25.31-43.85 v-99.37C292.39,82.23,282.74,65.51,267.07,56.47z M180.87,221.65c0,0,13.5,11.68,16.7,18.2l-8.12,5.54c0,0-12.55-17.59-27.31-27.18 c0,0,12.05-10.46,23.86-28.29l7.87,5.29l-12.18,16.48c0,0,72.08-12.6,46.99-98.61c-14.27-42.72-80.44-70.02-126.94-29.43 C55.26,124.23,80.1,218.7,127.34,216.73C150.46,214.64,148,177,148,177v-17.84c0,0-11.81,22.88-48.22,22.14v-9.59 c0,0,42.56,2.83,48.09-41.08c0,0-10.58,21.53-38.5,21.53v-9.47c0,0,30.01,1.35,37.39-36.53c0,0-7.75,12.05-27.8,12.05v-9.23 c0,0,26.45,1.48,28.78-29.15h9.47c0,0-1.84,28.54,28.78,28.91v9.47c0,0-16.73,1.6-27.43-9.96c0,0,3.81,30.26,41.94,29.52v9.59 c0,0-23.12,3.08-42.8-17.65c0,0,5.86,36.92,47.85,36.92v9.92c0,0-29.27,2.46-48.13-23.04v33.95c0,0-1.8,39.11-32.92,39.11 s-55.15-40.43-56.46-71.59c-1.31-31.16,8.92-100.37,86.75-100.37s88.9,71.83,88.65,90.28C243.2,163.35,237.24,212.67,180.87,221.65z \"><\/path><\/svg>\t\t\t<\/div>\n\t\t<\/div>\n\t\t\t\t\t\t<\/div>\n\t\t\t\t<\/div>\n\t\t\t\t<div class=\"elementor-element elementor-element-043ae0a elementor-widget elementor-widget-heading\" data-id=\"043ae0a\" data-element_type=\"widget\" data-widget_type=\"heading.default\">\n\t\t\t\t<div class=\"elementor-widget-container\">\n\t\t\t\t\t<h2 class=\"elementor-heading-title elementor-size-default\">Renewable<\/h2>\t\t\t\t<\/div>\n\t\t\t\t<\/div>\n\t\t\t\t<div class=\"elementor-element elementor-element-da75706 elementor-widget elementor-widget-text-editor\" data-id=\"da75706\" data-element_type=\"widget\" data-widget_type=\"text-editor.default\">\n\t\t\t\t<div class=\"elementor-widget-container\">\n\t\t\t\t\t\t\t\t\t<p>a natural resource that can\nrestore by natural processes to a\nspeed higher than consumption per\nhumans. Solar radiation,\ntides, wind and energy\nhydroelectric are perpetual resources\nthat are not in danger of running out in the long run\nterm.<\/p>\t\t\t\t\t\t\t\t<\/div>\n\t\t\t\t<\/div>\n\t\t\t\t\t<\/div>\n\t\t<\/div>\n\t\t\t\t\t<\/div>\n\t\t<\/section>\n\t\t\t\t<\/div>","protected":false},"excerpt":{"rendered":"<p>SUSTENTABILIDAD Buscamos tomar acciones que impacten positivamente el planeta y nuestra comunidad. Nos esforzamos constantemente a promover pr\u00e1cticas respetuosas con el medio ambiente dentro&nbsp;de nuestras oficinas y en nuestros productos. Protegemos el medio ambiente&nbsp;con estrategias de producci\u00f3n limpia, medidas de eco-eficiencia&nbsp;y programas concretos de conservaci\u00f3n, nos esforzamos para&nbsp;alcanzar los mayores est\u00e1ndares medioambientales. El objetivo del [&hellip;]<\/p>","protected":false},"author":1,"featured_media":0,"parent":0,"menu_order":0,"comment_status":"closed","ping_status":"closed","template":"","meta":{"site-sidebar-layout":"no-sidebar","site-content-layout":"page-builder","ast-site-content-layout":"default","site-content-style":"default","site-sidebar-style":"default","ast-global-header-display":"","ast-banner-title-visibility":"","ast-main-header-display":"","ast-hfb-above-header-display":"","ast-hfb-below-header-display":"","ast-hfb-mobile-header-display":"","site-post-title":"disabled","ast-breadcrumbs-content":"","ast-featured-img":"disabled","footer-sml-layout":"","theme-transparent-header-meta":"","adv-header-id-meta":"","stick-header-meta":"","header-above-stick-meta":"","header-main-stick-meta":"","header-below-stick-meta":"","astra-migrate-meta-layouts":"default","ast-page-background-enabled":"default","ast-page-background-meta":{"desktop":{"background-color":"","background-image":"","background-repeat":"repeat","background-position":"center center","background-size":"auto","background-attachment":"scroll","background-type":"","background-media":"","overlay-type":"","overlay-color":"","overlay-opacity":"","overlay-gradient":""},"tablet":{"background-color":"","background-image":"","background-repeat":"repeat","background-position":"center center","background-size":"auto","background-attachment":"scroll","background-type":"","background-media":"","overlay-type":"","overlay-color":"","overlay-opacity":"","overlay-gradient":""},"mobile":{"background-color":"","background-image":"","background-repeat":"repeat","background-position":"center center","background-size":"auto","background-attachment":"scroll","background-type":"","background-media":"","overlay-type":"","overlay-color":"","overlay-opacity":"","overlay-gradient":""}},"ast-content-background-meta":{"desktop":{"background-color":"var(--ast-global-color-5)","background-image":"","background-repeat":"repeat","background-position":"center center","background-size":"auto","background-attachment":"scroll","background-type":"","background-media":"","overlay-type":"","overlay-color":"","overlay-opacity":"","overlay-gradient":""},"tablet":{"background-color":"var(--ast-global-color-5)","background-image":"","background-repeat":"repeat","background-position":"center center","background-size":"auto","background-attachment":"scroll","background-type":"","background-media":"","overlay-type":"","overlay-color":"","overlay-opacity":"","overlay-gradient":""},"mobile":{"background-color":"var(--ast-global-color-5)","background-image":"","background-repeat":"repeat","background-position":"center center","background-size":"auto","background-attachment":"scroll","background-type":"","background-media":"","overlay-type":"","overlay-color":"","overlay-opacity":"","overlay-gradient":""}},"footnotes":""},"class_list":["post-49","page","type-page","status-publish","hentry"],"_links":{"self":[{"href":"https:\/\/www.dreampackgroup.com\/en\/wp-json\/wp\/v2\/pages\/49","targetHints":{"allow":["GET"]}}],"collection":[{"href":"https:\/\/www.dreampackgroup.com\/en\/wp-json\/wp\/v2\/pages"}],"about":[{"href":"https:\/\/www.dreampackgroup.com\/en\/wp-json\/wp\/v2\/types\/page"}],"author":[{"embeddable":true,"href":"https:\/\/www.dreampackgroup.com\/en\/wp-json\/wp\/v2\/users\/1"}],"replies":[{"embeddable":true,"href":"https:\/\/www.dreampackgroup.com\/en\/wp-json\/wp\/v2\/comments?post=49"}],"version-history":[{"count":22,"href":"https:\/\/www.dreampackgroup.com\/en\/wp-json\/wp\/v2\/pages\/49\/revisions"}],"predecessor-version":[{"id":398,"href":"https:\/\/www.dreampackgroup.com\/en\/wp-json\/wp\/v2\/pages\/49\/revisions\/398"}],"wp:attachment":[{"href":"https:\/\/www.dreampackgroup.com\/en\/wp-json\/wp\/v2\/media?parent=49"}],"curies":[{"name":"wp","href":"https:\/\/api.w.org\/{rel}","templated":true}]}}